{"id":3422,"date":"2023-05-02T12:35:26","date_gmt":"2023-05-02T10:35:26","guid":{"rendered":"https:\/\/www.campinglapinede-banyuls.com\/die-stadt\/"},"modified":"2023-07-12T13:36:45","modified_gmt":"2023-07-12T11:36:45","slug":"die-stadt","status":"publish","type":"page","link":"https:\/\/www.campinglapinede-banyuls.com\/de\/die-stadt\/","title":{"rendered":"Die Stadt"},"content":{"rendered":"\n<div class=\"wp-block-cover alignfull oh\" style=\"margin-top:0;margin-bottom:0;min-height:80vh;aspect-ratio:unset;\"><span aria-hidden=\"true\" class=\"wp-block-cover__background has-background-dim-0 has-background-dim\"><\/span><img decoding=\"async\" width=\"1920\" height=\"816\" class=\"wp-block-cover__image-background wp-image-1152 lazyload\" alt=\"\" data-src=\"https:\/\/www.campinglapinede-banyuls.com\/wp-content\/uploads\/banner-camping.jpg\" data-object-fit=\"cover\" data-srcset=\"https:\/\/www.campinglapinede-banyuls.com\/wp-content\/uploads\/banner-camping.jpg 1920w, https:\/\/www.campinglapinede-banyuls.com\/wp-content\/smush-webp\/banner-camping-1024x435.jpg.webp 1024w, https:\/\/www.campinglapinede-banyuls.com\/wp-content\/smush-webp\/banner-camping-768x326.jpg.webp 768w, https:\/\/www.campinglapinede-banyuls.com\/wp-content\/smush-webp\/banner-camping-1536x653.jpg.webp 1536w, https:\/\/www.campinglapinede-banyuls.com\/wp-content\/smush-webp\/banner-camping-512x218.jpg.webp 512w, https:\/\/www.campinglapinede-banyuls.com\/wp-content\/smush-webp\/banner-camping-256x109.jpg.webp 256w\" data-sizes=\"(max-width: 1920px) 100vw, 1920px\" src=\"data:image\/svg+xml;base64,PHN2ZyB3aWR0aD0iMSIgaGVpZ2h0PSIxIiB4bWxucz0iaHR0cDovL3d3dy53My5vcmcvMjAwMC9zdmciPjwvc3ZnPg==\" style=\"--smush-placeholder-width: 1920px; --smush-placeholder-aspect-ratio: 1920\/816;\" \/><div class=\"wp-block-cover__inner-container is-layout-flow wp-block-cover-is-layout-flow\">\n<p class=\"has-text-align-center has-large-font-size\"><\/p>\n<\/div><\/div>\n\n<div class=\"wp-block-group alignfull formulaire-container is-layout-constrained wp-block-group-is-layout-constrained\" style=\"margin-bottom:0\">\n<div class=\"wp-block-group alignwide is-layout-constrained wp-block-group-is-layout-constrained\" style=\"margin-bottom:0\">\n<div class=\"wp-block-group alignwide formulaire-thr is-layout-constrained wp-block-group-is-layout-constrained\">\n<div class=\"wp-block-group alignwide formulaire-thr-container has-theme-white-background-color has-background is-layout-flow wp-block-group-is-layout-flow\" style=\"border-radius:10px;padding-top:var(--wp--preset--spacing--60);padding-right:var(--wp--preset--spacing--50);padding-bottom:var(--wp--preset--spacing--60);padding-left:var(--wp--preset--spacing--50)\"><section class=\"formulaire-de-recherche-bar\">\r\n            <div id=\"expand-thelis-formulaire\">Reserver<\/div>\r\n            <div class=\"container-form\"><thr-search-engine><\/thr-search-engine><a id=\"pay-btn-2\" onclick=\"window.open('https:\/\/thelisresa.webcamp.fr\/cart-directPayment.php?camping=pinedeba&amp;lang=de');\"><i><\/i>Ihren Aufenthalt<\/a>\r\n            <style>\r\n            \r\n            .thr-search-engine .thr-search-engine-main > .thr-btn-search { max-width: 20% !important; }\r\n            .thr .btn i { margin-right: 0 !important; }\r\n            #pay-btn-2 { \r\n                position: absolute;\r\n                right: 0;top: 0;\r\n                margin: 10px;\r\n                border: 0;\r\n                background-color: ;\r\n                color: ;\r\n                cursor: pointer;\r\n                width: calc(17% - 5px);\r\n                padding: 17px 0;\r\n                font-size: 18px;\r\n                font-weight: bold;\r\n                text-transform: auto;\r\n                transition: all .35s;\r\n                display: flex;justify-content: center;\r\n                align-items: center;\r\n            }\r\n        \r\n            #pay-btn-2:hover { background-color: ; }\r\n            .thr-search-engine { width: 83%; }\r\n\r\n            @media screen and (max-width: 1200px) {\r\n                #pay-btn-2 { top: 52px; }\r\n                .thr-search-engine .thr-search-engine-main > .thr-btn-search { max-width: inherit !important; }\r\n            }\r\n            @media screen and (max-width: 990px) {\r\n                .thr-search-engine { width: 100%; }\r\n                #pay-btn-2 { position: relative;width: calc(100% - 20px);top: auto;margin-top: 0; }\r\n            }\r\n\r\n            thr-search-engine { border-right: 200px rgba(0,0,0,0) solid;display: block; }\r\n            @media screen and (max-width: 1200px) {\r\n                thr-search-engine { border-right: inherit;display: inherit; }\r\n            }\r\n            <\/style>\r\n            <\/div><\/section><!-- .formulaire-de-recherche-bar --><style>\r\n        #expand-thelis-formulaire { display: none; }\r\n        @media screen and (max-width: 1200px) {\r\n            #expand-thelis-formulaire { display: block; }\r\n            .formulaire-de-recherche-bar .container-form { display: none; }\r\n        }\r\n    <\/style><script>\r\n    jQuery(document).ready(function($){\r\n        jQuery('#expand-thelis-formulaire').click(function(){\r\n            if(\r\n                jQuery('.formulaire-de-recherche-bar .container-form').css('display') == 'none'\r\n            ){\r\n                jQuery('.formulaire-de-recherche-bar .container-form').css('display', 'block');\r\n                jQuery('#expand-thelis-formulaire').addClass('expanded');\r\n            }else{\r\n                jQuery('.formulaire-de-recherche-bar .container-form').css('display', 'none');\r\n                jQuery('#expand-thelis-formulaire').removeClass('expanded');\r\n            }\r\n        });\r\n    });\r\n    <\/script>\n<\/div>\n<\/div>\n<\/div>\n<\/div>\n\n<div class=\"wp-block-group alignwide has-animation is-layout-flow wp-block-group-is-layout-flow\" style=\"padding-top:var(--wp--preset--spacing--70);padding-right:0;padding-bottom:var(--wp--preset--spacing--70);padding-left:0\">\n<h1 class=\"wp-block-heading alignfull has-text-align-center animation--top animation--init--once\">Entdecken Sie die Umgebung mit<br\/><mark style=\"background-color:rgba(0, 0, 0, 0)\" class=\"has-inline-color has-theme-blue-color\">Tourismusb\u00fcro der Gemeinde Banyuls<\/mark><\/h1>\n\n\n\n<figure class=\"wp-block-image aligncenter size-large is-resized  animation--top animation--init--once\"><img decoding=\"async\" data-src=\"https:\/\/www.campinglapinede-banyuls.com\/wp-content\/uploads\/trazo-titulos-cut-01-1.svg\" alt=\"\" class=\"wp-image-1169 lazyload\" width=\"150\" src=\"data:image\/svg+xml;base64,PHN2ZyB3aWR0aD0iMSIgaGVpZ2h0PSIxIiB4bWxucz0iaHR0cDovL3d3dy53My5vcmcvMjAwMC9zdmciPjwvc3ZnPg==\" \/><\/figure><\/div>\n\n<div class=\"wp-block-group alignfull has-animation oh is-layout-constrained wp-block-group-is-layout-constrained\" style=\"margin-bottom:var(--wp--preset--spacing--60);padding-top:var(--wp--preset--spacing--60);padding-bottom:var(--wp--preset--spacing--60)\">\n<div class=\"wp-block-columns alignfull columns-blue is-layout-flex wp-container-core-columns-is-layout-1 wp-block-columns-is-layout-flex\" style=\"padding-top:var(--wp--preset--spacing--60);padding-right:var(--wp--preset--spacing--70);padding-bottom:var(--wp--preset--spacing--60);padding-left:var(--wp--preset--spacing--70)\">\n<div class=\"wp-block-column is-layout-flow wp-block-column-is-layout-flow\">\n<figure class=\"wp-block-image size-full has-custom-border  animation--left animation--init--once\"><img decoding=\"async\" width=\"800\" height=\"550\" data-src=\"https:\/\/www.campinglapinede-banyuls.com\/wp-content\/uploads\/activites-3.jpg\" alt=\"\" class=\"wp-image-2377 lazyload\" style=\"--smush-placeholder-width: 800px; --smush-placeholder-aspect-ratio: 800\/550;border-radius:20px\" data-srcset=\"https:\/\/www.campinglapinede-banyuls.com\/wp-content\/uploads\/activites-3.jpg 800w, https:\/\/www.campinglapinede-banyuls.com\/wp-content\/smush-webp\/activites-3-768x528.jpg.webp 768w, https:\/\/www.campinglapinede-banyuls.com\/wp-content\/smush-webp\/activites-3-512x352.jpg.webp 512w, https:\/\/www.campinglapinede-banyuls.com\/wp-content\/smush-webp\/activites-3-256x176.jpg.webp 256w\" data-sizes=\"(max-width: 800px) 100vw, 800px\" src=\"data:image\/svg+xml;base64,PHN2ZyB3aWR0aD0iMSIgaGVpZ2h0PSIxIiB4bWxucz0iaHR0cDovL3d3dy53My5vcmcvMjAwMC9zdmciPjwvc3ZnPg==\" \/><\/figure><\/div>\n\n\n\n<div class=\"wp-block-column is-layout-flow wp-block-column-is-layout-flow\">\n<div class=\"wp-block-group columns-content-padding is-layout-constrained wp-container-core-group-is-layout-7 wp-block-group-is-layout-constrained\" style=\"padding-right:var(--wp--preset--spacing--60)\">\n<figure class=\"wp-block-image size-large is-resized  animation--right animation--init--once wp-duotone-57c5e6-fff-2\"><img decoding=\"async\" data-src=\"https:\/\/www.campinglapinede-banyuls.com\/wp-content\/uploads\/bungalow.svg\" alt=\"\" class=\"wp-image-868 lazyload\" width=\"70\" src=\"data:image\/svg+xml;base64,PHN2ZyB3aWR0aD0iMSIgaGVpZ2h0PSIxIiB4bWxucz0iaHR0cDovL3d3dy53My5vcmcvMjAwMC9zdmciPjwvc3ZnPg==\" \/><\/figure>\n\n\n<h2 class=\"wp-block-heading animation--right animation--init--once\">AKTIVIT\u00c4TEN<\/h2>\n\n\n\n<p>Wanderungen, Mountainbiketouren, Reitausfl\u00fcge, Weinwanderungen, Tauchen, Meereskajak, Tennis, Tischtennis, Ausfl\u00fcge auf dem Meer, Regatten, Segeln, Windsurfkurse, Jetski, Bootsverleih mit oder ohne F\u00fchrerschein.<\/p>\n\n\n\n<div class=\"wp-block-group animation--right animation--init--once is-content-justification-left is-nowrap is-layout-flex wp-container-core-group-is-layout-6 wp-block-group-is-layout-flex\" style=\"margin-top:var(--wp--preset--spacing--60);margin-bottom:var(--wp--preset--spacing--60)\"><\/div>\n<\/div>\n<\/div>\n<\/div>\n\n\n\n<div class=\"wp-block-columns alignfull columns-red reverse-mobile is-layout-flex wp-container-core-columns-is-layout-2 wp-block-columns-is-layout-flex\" style=\"margin-top:0;margin-bottom:0;padding-top:var(--wp--preset--spacing--60);padding-right:var(--wp--preset--spacing--70);padding-bottom:var(--wp--preset--spacing--60);padding-left:var(--wp--preset--spacing--70)\">\n<div class=\"wp-block-column is-layout-flow wp-block-column-is-layout-flow\" style=\"padding-right:0\">\n<div class=\"wp-block-group columns-content-padding is-layout-constrained wp-container-core-group-is-layout-9 wp-block-group-is-layout-constrained\" style=\"padding-right:0\">\n<figure class=\"wp-block-image size-large is-resized  animation--left animation--init--once wp-duotone-b60449-fff-3\"><img decoding=\"async\" data-src=\"https:\/\/www.campinglapinede-banyuls.com\/wp-content\/uploads\/camping-car.svg\" alt=\"\" class=\"wp-image-872 lazyload\" width=\"70\" src=\"data:image\/svg+xml;base64,PHN2ZyB3aWR0aD0iMSIgaGVpZ2h0PSIxIiB4bWxucz0iaHR0cDovL3d3dy53My5vcmcvMjAwMC9zdmciPjwvc3ZnPg==\" \/><\/figure>\n\n\n<h2 class=\"wp-block-heading animation--left animation--init--once\">BESICHTIGUNGEN<\/h2>\n\n\n\n<p>Museum Maillol,<br\/>Neuer Rundgang \u201eAuf den Spuren von Aristide\u201c im typischen Viertel Cap d&#8217;Oune,<br\/>Keller von Banyuls,<br\/>Biodiversarium, das das Aquarium und den mediterranen Garten vereint,<br\/>Haus der Wanderung.<\/p>\n\n\n\n<div class=\"wp-block-group animation--right animation--init--once is-content-justification-left is-nowrap is-layout-flex wp-container-core-group-is-layout-8 wp-block-group-is-layout-flex\" style=\"margin-top:var(--wp--preset--spacing--60);margin-bottom:var(--wp--preset--spacing--60)\"><\/div>\n\n\n\n<div class=\"wp-block-buttons animation--left animation--init--once is-layout-flex wp-block-buttons-is-layout-flex\"><\/div>\n<\/div>\n<\/div>\n\n\n\n<div class=\"wp-block-column animation--right animation--init--once is-layout-flow wp-block-column-is-layout-flow\">\n<figure class=\"wp-block-image size-full has-custom-border\"><img decoding=\"async\" width=\"800\" height=\"550\" data-src=\"https:\/\/www.campinglapinede-banyuls.com\/wp-content\/uploads\/visites-1.jpg\" alt=\"\" class=\"wp-image-2381 lazyload\" style=\"--smush-placeholder-width: 800px; --smush-placeholder-aspect-ratio: 800\/550;border-radius:20px\" data-srcset=\"https:\/\/www.campinglapinede-banyuls.com\/wp-content\/uploads\/visites-1.jpg 800w, https:\/\/www.campinglapinede-banyuls.com\/wp-content\/smush-webp\/visites-1-768x528.jpg.webp 768w, https:\/\/www.campinglapinede-banyuls.com\/wp-content\/smush-webp\/visites-1-512x352.jpg.webp 512w, https:\/\/www.campinglapinede-banyuls.com\/wp-content\/smush-webp\/visites-1-256x176.jpg.webp 256w\" data-sizes=\"(max-width: 800px) 100vw, 800px\" src=\"data:image\/svg+xml;base64,PHN2ZyB3aWR0aD0iMSIgaGVpZ2h0PSIxIiB4bWxucz0iaHR0cDovL3d3dy53My5vcmcvMjAwMC9zdmciPjwvc3ZnPg==\" \/><\/figure><\/div>\n<\/div>\n\n\n\n<div class=\"wp-block-columns alignfull columns-blue is-layout-flex wp-container-core-columns-is-layout-3 wp-block-columns-is-layout-flex\" style=\"padding-top:var(--wp--preset--spacing--60);padding-right:var(--wp--preset--spacing--70);padding-bottom:var(--wp--preset--spacing--60);padding-left:var(--wp--preset--spacing--70)\">\n<div class=\"wp-block-column is-layout-flow wp-block-column-is-layout-flow\">\n<figure class=\"wp-block-image size-full has-custom-border  animation--left animation--init--once\"><img decoding=\"async\" width=\"895\" height=\"651\" data-src=\"https:\/\/www.campinglapinede-banyuls.com\/wp-content\/uploads\/alentours.jpg\" alt=\"\" class=\"wp-image-1213 lazyload\" style=\"--smush-placeholder-width: 895px; --smush-placeholder-aspect-ratio: 895\/651;border-radius:20px\" data-srcset=\"https:\/\/www.campinglapinede-banyuls.com\/wp-content\/uploads\/alentours.jpg 895w, https:\/\/www.campinglapinede-banyuls.com\/wp-content\/smush-webp\/alentours-768x559.jpg.webp 768w, https:\/\/www.campinglapinede-banyuls.com\/wp-content\/smush-webp\/alentours-512x372.jpg.webp 512w, https:\/\/www.campinglapinede-banyuls.com\/wp-content\/smush-webp\/alentours-256x186.jpg.webp 256w\" data-sizes=\"(max-width: 895px) 100vw, 895px\" src=\"data:image\/svg+xml;base64,PHN2ZyB3aWR0aD0iMSIgaGVpZ2h0PSIxIiB4bWxucz0iaHR0cDovL3d3dy53My5vcmcvMjAwMC9zdmciPjwvc3ZnPg==\" \/><\/figure><\/div>\n\n\n\n<div class=\"wp-block-column is-layout-flow wp-block-column-is-layout-flow\">\n<div class=\"wp-block-group columns-content-padding is-layout-constrained wp-container-core-group-is-layout-11 wp-block-group-is-layout-constrained\" style=\"padding-right:var(--wp--preset--spacing--60)\">\n<figure class=\"wp-block-image size-large is-resized  animation--right animation--init--once wp-duotone-57c5e6-fff-4\"><img decoding=\"async\" data-src=\"https:\/\/www.campinglapinede-banyuls.com\/wp-content\/uploads\/bungalow.svg\" alt=\"\" class=\"wp-image-868 lazyload\" width=\"70\" src=\"data:image\/svg+xml;base64,PHN2ZyB3aWR0aD0iMSIgaGVpZ2h0PSIxIiB4bWxucz0iaHR0cDovL3d3dy53My5vcmcvMjAwMC9zdmciPjwvc3ZnPg==\" \/><\/figure>\n\n\n<h2 class=\"wp-block-heading animation--right animation--init--once\">ANIMATIONEN<\/h2>\n\n\n\n<p>F\u00eate Catalane,<br\/>F\u00eate du Puig del mas,<br\/>Festa Major de Banyuls<br\/>Erntedankfest,<br\/>Osterfeste und Karneval.<\/p>\n\n\n\n<div class=\"wp-block-group animation--right animation--init--once is-content-justification-left is-nowrap is-layout-flex wp-container-core-group-is-layout-10 wp-block-group-is-layout-flex\" style=\"margin-top:var(--wp--preset--spacing--60);margin-bottom:var(--wp--preset--spacing--60)\"><\/div>\n\n\n\n<div class=\"wp-block-buttons animation--right animation--init--once is-layout-flex wp-block-buttons-is-layout-flex\">\n<div class=\"wp-block-button button-bleu\"><a class=\"wp-block-button__link has-theme-blue-background-color has-background wp-element-button\" href=\"https:\/\/www.banyuls-sur-mer.com\/\" style=\"border-radius:50px\" target=\"_blank\" rel=\"noreferrer noopener\">ENTDECKEN SIE ALLE AKTIVIT\u00c4TEN<\/a><\/div>\n<\/div>\n<\/div>\n<\/div>\n<\/div>\n<\/div>\n","protected":false},"excerpt":{"rendered":"<p>Kommen Sie und entdecken Sie die wundersch\u00f6ne Region Okzitanien bei einem Aufenthalt auf dem st\u00e4dtischen Campingplatz La Pin\u00e8de, 36 km von Perpignan entfernt.<\/p>\n","protected":false},"author":3,"featured_media":0,"parent":0,"menu_order":0,"comment_status":"closed","ping_status":"closed","template":"","meta":{"_acf_changed":false,"inline_featured_image":false,"ub_ctt_via":"","footnotes":""},"class_list":["post-3422","page","type-page","status-publish","hentry"],"acf":[],"featured_image_src":null,"yoast_head":"<!-- This site is optimized with the Yoast SEO plugin v24.0 - https:\/\/yoast.com\/wordpress\/plugins\/seo\/ -->\n<title>Region Okzitanien - Camping La Pin\u00e8de in Banyuls<\/title>\n<meta name=\"description\" content=\"Kommen Sie und entdecken Sie die wundersch\u00f6ne Region Okzitanien bei einem Aufenthalt auf dem st\u00e4dtischen Campingplatz La Pin\u00e8de, 36 km von Perpignan entfernt.\" \/>\n<meta name=\"robots\" content=\"index, follow, max-snippet:-1, max-image-preview:large, max-video-preview:-1\" \/>\n<link rel=\"canonical\" href=\"https:\/\/www.campinglapinede-banyuls.com\/de\/die-stadt\/\" \/>\n<meta property=\"og:locale\" content=\"de_DE\" \/>\n<meta property=\"og:type\" content=\"article\" \/>\n<meta property=\"og:title\" content=\"Region Okzitanien - Camping La Pin\u00e8de in Banyuls\" \/>\n<meta property=\"og:description\" content=\"Kommen Sie und entdecken Sie die wundersch\u00f6ne Region Okzitanien bei einem Aufenthalt auf dem st\u00e4dtischen Campingplatz La Pin\u00e8de, 36 km von Perpignan entfernt.\" \/>\n<meta property=\"og:url\" content=\"https:\/\/www.campinglapinede-banyuls.com\/de\/die-stadt\/\" \/>\n<meta property=\"og:site_name\" content=\"Camping Pin\u00e8de Banyuls\" \/>\n<meta property=\"article:modified_time\" content=\"2023-07-12T11:36:45+00:00\" \/>\n<meta property=\"og:image\" content=\"https:\/\/www.campinglapinede-banyuls.com\/wp-content\/uploads\/banner-camping.jpg\" \/>\n<meta name=\"twitter:card\" content=\"summary_large_image\" \/>\n<script type=\"application\/ld+json\" class=\"yoast-schema-graph\">{\"@context\":\"https:\/\/schema.org\",\"@graph\":[{\"@type\":\"WebPage\",\"@id\":\"https:\/\/www.campinglapinede-banyuls.com\/de\/die-stadt\/\",\"url\":\"https:\/\/www.campinglapinede-banyuls.com\/de\/die-stadt\/\",\"name\":\"Region Okzitanien - Camping La Pin\u00e8de in Banyuls\",\"isPartOf\":{\"@id\":\"https:\/\/www.campinglapinede-banyuls.com\/#website\"},\"primaryImageOfPage\":{\"@id\":\"https:\/\/www.campinglapinede-banyuls.com\/de\/die-stadt\/#primaryimage\"},\"image\":{\"@id\":\"https:\/\/www.campinglapinede-banyuls.com\/de\/die-stadt\/#primaryimage\"},\"thumbnailUrl\":\"https:\/\/www.campinglapinede-banyuls.com\/wp-content\/uploads\/banner-camping.jpg\",\"datePublished\":\"2023-05-02T10:35:26+00:00\",\"dateModified\":\"2023-07-12T11:36:45+00:00\",\"description\":\"Kommen Sie und entdecken Sie die wundersch\u00f6ne Region Okzitanien bei einem Aufenthalt auf dem st\u00e4dtischen Campingplatz La Pin\u00e8de, 36 km von Perpignan entfernt.\",\"breadcrumb\":{\"@id\":\"https:\/\/www.campinglapinede-banyuls.com\/de\/die-stadt\/#breadcrumb\"},\"inLanguage\":\"de\",\"potentialAction\":[{\"@type\":\"ReadAction\",\"target\":[\"https:\/\/www.campinglapinede-banyuls.com\/de\/die-stadt\/\"]}]},{\"@type\":\"ImageObject\",\"inLanguage\":\"de\",\"@id\":\"https:\/\/www.campinglapinede-banyuls.com\/de\/die-stadt\/#primaryimage\",\"url\":\"https:\/\/www.campinglapinede-banyuls.com\/wp-content\/uploads\/banner-camping.jpg\",\"contentUrl\":\"https:\/\/www.campinglapinede-banyuls.com\/wp-content\/uploads\/banner-camping.jpg\"},{\"@type\":\"BreadcrumbList\",\"@id\":\"https:\/\/www.campinglapinede-banyuls.com\/de\/die-stadt\/#breadcrumb\",\"itemListElement\":[{\"@type\":\"ListItem\",\"position\":1,\"name\":\"Portada\",\"item\":\"https:\/\/www.campinglapinede-banyuls.com\/de\/\"},{\"@type\":\"ListItem\",\"position\":2,\"name\":\"Die Stadt\"}]},{\"@type\":\"WebSite\",\"@id\":\"https:\/\/www.campinglapinede-banyuls.com\/#website\",\"url\":\"https:\/\/www.campinglapinede-banyuls.com\/\",\"name\":\"Pin\u00e8de Banyuls\",\"description\":\"\",\"publisher\":{\"@id\":\"https:\/\/www.campinglapinede-banyuls.com\/#organization\"},\"potentialAction\":[{\"@type\":\"SearchAction\",\"target\":{\"@type\":\"EntryPoint\",\"urlTemplate\":\"https:\/\/www.campinglapinede-banyuls.com\/?s={search_term_string}\"},\"query-input\":{\"@type\":\"PropertyValueSpecification\",\"valueRequired\":true,\"valueName\":\"search_term_string\"}}],\"inLanguage\":\"de\"},{\"@type\":\"Organization\",\"@id\":\"https:\/\/www.campinglapinede-banyuls.com\/#organization\",\"name\":\"Pin\u00e8de Banyuls\",\"url\":\"https:\/\/www.campinglapinede-banyuls.com\/\",\"logo\":{\"@type\":\"ImageObject\",\"inLanguage\":\"de\",\"@id\":\"https:\/\/www.campinglapinede-banyuls.com\/#\/schema\/logo\/image\/\",\"url\":\"https:\/\/www.campinglapinede-banyuls.com\/wp-content\/uploads\/cropped-logo-pinede-banyuls.png\",\"contentUrl\":\"https:\/\/www.campinglapinede-banyuls.com\/wp-content\/uploads\/cropped-logo-pinede-banyuls.png\",\"width\":332,\"height\":152,\"caption\":\"Pin\u00e8de Banyuls\"},\"image\":{\"@id\":\"https:\/\/www.campinglapinede-banyuls.com\/#\/schema\/logo\/image\/\"}}]}<\/script>\n<!-- \/ Yoast SEO plugin. -->","yoast_head_json":{"title":"Region Okzitanien - Camping La Pin\u00e8de in Banyuls","description":"Kommen Sie und entdecken Sie die wundersch\u00f6ne Region Okzitanien bei einem Aufenthalt auf dem st\u00e4dtischen Campingplatz La Pin\u00e8de, 36 km von Perpignan entfernt.","robots":{"index":"index","follow":"follow","max-snippet":"max-snippet:-1","max-image-preview":"max-image-preview:large","max-video-preview":"max-video-preview:-1"},"canonical":"https:\/\/www.campinglapinede-banyuls.com\/de\/die-stadt\/","og_locale":"de_DE","og_type":"article","og_title":"Region Okzitanien - Camping La Pin\u00e8de in Banyuls","og_description":"Kommen Sie und entdecken Sie die wundersch\u00f6ne Region Okzitanien bei einem Aufenthalt auf dem st\u00e4dtischen Campingplatz La Pin\u00e8de, 36 km von Perpignan entfernt.","og_url":"https:\/\/www.campinglapinede-banyuls.com\/de\/die-stadt\/","og_site_name":"Camping Pin\u00e8de Banyuls","article_modified_time":"2023-07-12T11:36:45+00:00","og_image":[{"url":"https:\/\/www.campinglapinede-banyuls.com\/wp-content\/uploads\/banner-camping.jpg","type":"","width":"","height":""}],"twitter_card":"summary_large_image","schema":{"@context":"https:\/\/schema.org","@graph":[{"@type":"WebPage","@id":"https:\/\/www.campinglapinede-banyuls.com\/de\/die-stadt\/","url":"https:\/\/www.campinglapinede-banyuls.com\/de\/die-stadt\/","name":"Region Okzitanien - Camping La Pin\u00e8de in Banyuls","isPartOf":{"@id":"https:\/\/www.campinglapinede-banyuls.com\/#website"},"primaryImageOfPage":{"@id":"https:\/\/www.campinglapinede-banyuls.com\/de\/die-stadt\/#primaryimage"},"image":{"@id":"https:\/\/www.campinglapinede-banyuls.com\/de\/die-stadt\/#primaryimage"},"thumbnailUrl":"https:\/\/www.campinglapinede-banyuls.com\/wp-content\/uploads\/banner-camping.jpg","datePublished":"2023-05-02T10:35:26+00:00","dateModified":"2023-07-12T11:36:45+00:00","description":"Kommen Sie und entdecken Sie die wundersch\u00f6ne Region Okzitanien bei einem Aufenthalt auf dem st\u00e4dtischen Campingplatz La Pin\u00e8de, 36 km von Perpignan entfernt.","breadcrumb":{"@id":"https:\/\/www.campinglapinede-banyuls.com\/de\/die-stadt\/#breadcrumb"},"inLanguage":"de","potentialAction":[{"@type":"ReadAction","target":["https:\/\/www.campinglapinede-banyuls.com\/de\/die-stadt\/"]}]},{"@type":"ImageObject","inLanguage":"de","@id":"https:\/\/www.campinglapinede-banyuls.com\/de\/die-stadt\/#primaryimage","url":"https:\/\/www.campinglapinede-banyuls.com\/wp-content\/uploads\/banner-camping.jpg","contentUrl":"https:\/\/www.campinglapinede-banyuls.com\/wp-content\/uploads\/banner-camping.jpg"},{"@type":"BreadcrumbList","@id":"https:\/\/www.campinglapinede-banyuls.com\/de\/die-stadt\/#breadcrumb","itemListElement":[{"@type":"ListItem","position":1,"name":"Portada","item":"https:\/\/www.campinglapinede-banyuls.com\/de\/"},{"@type":"ListItem","position":2,"name":"Die Stadt"}]},{"@type":"WebSite","@id":"https:\/\/www.campinglapinede-banyuls.com\/#website","url":"https:\/\/www.campinglapinede-banyuls.com\/","name":"Pin\u00e8de Banyuls","description":"","publisher":{"@id":"https:\/\/www.campinglapinede-banyuls.com\/#organization"},"potentialAction":[{"@type":"SearchAction","target":{"@type":"EntryPoint","urlTemplate":"https:\/\/www.campinglapinede-banyuls.com\/?s={search_term_string}"},"query-input":{"@type":"PropertyValueSpecification","valueRequired":true,"valueName":"search_term_string"}}],"inLanguage":"de"},{"@type":"Organization","@id":"https:\/\/www.campinglapinede-banyuls.com\/#organization","name":"Pin\u00e8de Banyuls","url":"https:\/\/www.campinglapinede-banyuls.com\/","logo":{"@type":"ImageObject","inLanguage":"de","@id":"https:\/\/www.campinglapinede-banyuls.com\/#\/schema\/logo\/image\/","url":"https:\/\/www.campinglapinede-banyuls.com\/wp-content\/uploads\/cropped-logo-pinede-banyuls.png","contentUrl":"https:\/\/www.campinglapinede-banyuls.com\/wp-content\/uploads\/cropped-logo-pinede-banyuls.png","width":332,"height":152,"caption":"Pin\u00e8de Banyuls"},"image":{"@id":"https:\/\/www.campinglapinede-banyuls.com\/#\/schema\/logo\/image\/"}}]}},"_links":{"self":[{"href":"https:\/\/www.campinglapinede-banyuls.com\/de\/wp-json\/wp\/v2\/pages\/3422"}],"collection":[{"href":"https:\/\/www.campinglapinede-banyuls.com\/de\/wp-json\/wp\/v2\/pages"}],"about":[{"href":"https:\/\/www.campinglapinede-banyuls.com\/de\/wp-json\/wp\/v2\/types\/page"}],"author":[{"embeddable":true,"href":"https:\/\/www.campinglapinede-banyuls.com\/de\/wp-json\/wp\/v2\/users\/3"}],"replies":[{"embeddable":true,"href":"https:\/\/www.campinglapinede-banyuls.com\/de\/wp-json\/wp\/v2\/comments?post=3422"}],"version-history":[{"count":0,"href":"https:\/\/www.campinglapinede-banyuls.com\/de\/wp-json\/wp\/v2\/pages\/3422\/revisions"}],"wp:attachment":[{"href":"https:\/\/www.campinglapinede-banyuls.com\/de\/wp-json\/wp\/v2\/media?parent=3422"}],"curies":[{"name":"wp","href":"https:\/\/api.w.org\/{rel}","templated":true}]}}